{"id":4516,"date":"2020-11-27T10:54:30","date_gmt":"2020-11-27T08:54:30","guid":{"rendered":"https:\/\/vlkm.ee\/?page_id=4516"},"modified":"2020-11-27T10:54:30","modified_gmt":"2020-11-27T08:54:30","slug":"toimunud-naitused-4-2","status":"publish","type":"page","link":"https:\/\/vlkm.ee\/ru\/kunstigalerii\/toimunud-naitused-4-2\/","title":{"rendered":"\u0412\u042b\u0421\u0422\u0410\u0412\u041a\u0423 \u041c\u041e\u0416\u041d\u041e \u041f\u041e\u0421\u0415\u0422\u0418\u0422\u042c \u0441 28.11.2020 \u043f\u043e 16.01.2021 \u0433."},"content":{"rendered":"<p><span style=\"font-size: 18pt;\">\u041e\u0442\u043a\u0440\u044b\u0442\u0438\u0435 \u0432\u044b\u0441\u0442\u0430\u0432\u043a\u0438\u00a028.11.2020 \u0433.\u00a0\u0432 16.00 \u043f\u043e \u0430\u0434\u0440\u0435\u0441\u0443 \u0412\u0430\u0431\u0430\u0434\u0443\u0441\u0435, 20 (2 \u044d\u0442\u0430\u0436). \u0412\u0445\u043e\u0434 \u0441\u0432\u043e\u0431\u043e\u0434\u043d\u044b\u0439.<\/span><\/p>\n<p><span style=\"font-size: 18pt;\"><strong>\u0412\u042b\u0421\u0422\u0410\u0412\u041a\u0423 \u041c\u041e\u0416\u041d\u041e \u041f\u041e\u0421\u0415\u0422\u0418\u0422\u042c\u00a0\u0441 28.11.2020\u00a0\u043f\u043e 16.01.2021 \u0433. \u043f\u043e\u00a0\u0440\u0430\u0431\u043e\u0447\u0438\u043c \u0434\u043d\u044f\u043c\u00a0c 10 \u0434\u043e 13. \u0412\u0445\u043e\u0434 \u0441\u0432\u043e\u0431\u043e\u0434\u043d\u044b\u0439.<\/strong><\/span><\/p>\n<p style=\"text-align: center;\"><span style=\"line-height: 107%; font-family: 'Monotype Corsiva'; font-size: 24pt;\">Tatjana Sonina\u00a0n\u00e4itus\u00a0<\/span><\/p>\n<p class=\"mailClass_MsoNormal\" align=\"center\"><span style=\"line-height: 107%; font-family: 'Monotype Corsiva'; font-size: 24pt;\"><b>Unistused elavad koos minuga<\/b>&#8230;\u00a0<\/span><\/p>\n<p class=\"mailClass_MsoNormal\" align=\"center\"><span style=\"line-height: 107%; font-family: 'Monotype Corsiva'; font-size: 24pt;\">\u0412\u044b\u0441\u0442\u0430\u0432\u043a\u0430 \u0436\u0438\u0432\u043e\u043f\u0438\u0441\u0438 \u0422\u0430\u0442\u044c\u044f\u043d\u044b \u0421\u043e\u043d\u0438\u043d\u043e\u0439<\/span><\/p>\n<p class=\"mailClass_MsoNormal\" align=\"center\"><span style=\"font-family: 'Monotype Corsiva'; font-size: 24pt;\">\u041c\u0435\u0447\u0442\u044b \u0436\u0438\u0432\u0443\u0442 \u0432\u043c\u0435\u0441\u0442\u0435 \u0441\u043e \u043c\u043d\u043e\u0439<\/span><\/p>\n<p class=\"mailClass_MsoNormal\"><span style=\"font-family: 'Monotype Corsiva'; font-size: 22pt;\">Hommikul, kui uneliiva silmist pesen,<\/span><\/p>\n<p class=\"mailClass_MsoNormal\"><span style=\"font-family: 'Monotype Corsiva'; font-size: 22pt;\">Unen\u00e4od ma peidan patja puhkama.<\/span><\/p>\n<p class=\"mailClass_MsoNormal\"><span style=\"font-family: 'Monotype Corsiva'; font-size: 22pt;\">P\u00e4ikset\u00f5usul p\u00e4he tulnud laulukese<\/span><\/p>\n<p class=\"mailClass_MsoNormal\"><span style=\"font-family: 'Monotype Corsiva'; font-size: 22pt;\">Torkan lillepotti kasvama.<\/span><\/p>\n<p class=\"mailClass_MsoNormal\"><span style=\"font-family: 'Monotype Corsiva'; font-size: 22pt;\">Kiirustades kastan armsaid m\u00e4lestusi,<\/span><\/p>\n<p class=\"mailClass_MsoNormal\"><span style=\"font-family: 'Monotype Corsiva'; font-size: 22pt;\">Valusatel m\u00e4lestustel paitan pead.<\/span><\/p>\n<p class=\"mailClass_MsoNormal\"><span style=\"font-family: 'Monotype Corsiva'; font-size: 22pt;\">Tolmu p\u00fchin m\u00f5ttetelt, neil annan musi,<\/span><\/p>\n<p class=\"mailClass_MsoNormal\"><span style=\"font-family: 'Monotype Corsiva'; font-size: 22pt;\">Sahtlis korda s\u00e4tin v\u00e4rsiread.<\/span><\/p>\n<p class=\"mailClass_MsoNormal\"><span style=\"font-family: 'Monotype Corsiva'; font-size: 22pt;\">\u00a0<\/span><\/p>\n<p class=\"mailClass_MsoNormal\"><span style=\"font-family: 'Monotype Corsiva'; font-size: 22pt;\">Kodus olen \u00fcksi ma ja ei ole ka:<\/span><\/p>\n<p class=\"mailClass_MsoNormal\"><b><span style=\"font-family: 'Monotype Corsiva'; font-size: 22pt;\">Unistused elavad koos minuga<\/span><\/b><span style=\"font-family: 'Monotype Corsiva'; font-size: 22pt;\">&#8230;<\/span><\/p>\n<p class=\"mailClass_MsoNormal\"><span style=\"font-family: 'Monotype Corsiva'; font-size: 22pt;\">Siin on mu laulud ja\u00a0<\/span><\/p>\n<p class=\"mailClass_MsoNormal\"><span style=\"font-family: 'Monotype Corsiva'; font-size: 22pt;\">sin on mu m\u00e4lestused hellad ja head.<\/span><\/p>\n<p class=\"mailClass_MsoNormal\"><span style=\"font-family: 'Monotype Corsiva'; font-size: 22pt;\">\u00a0<\/span><\/p>\n<p class=\"mailClass_MsoNormal\"><span style=\"font-family: 'Monotype Corsiva'; font-size: 22pt;\">Koju j\u00f5udes seisatan ma majatrepil,\u00a0<\/span><\/p>\n<p class=\"mailClass_MsoNormal\"><span style=\"font-family: 'Monotype Corsiva'; font-size: 22pt;\">L\u00f5puks siiski veidikene paotan ust.<\/span><\/p>\n<p class=\"mailClass_MsoNormal\"><span style=\"font-family: 'Monotype Corsiva'; font-size: 22pt;\">Hellalt v\u00f5tan s\u00fclle v\u00e4ikse viisijupi,<\/span><\/p>\n<p class=\"mailClass_MsoNormal\"><span style=\"font-family: 'Monotype Corsiva'; font-size: 22pt;\">Kuskilt kuulen vaikset teretus.<\/span><\/p>\n<p class=\"mailClass_MsoNormal\"><span style=\"font-family: 'Monotype Corsiva'; font-size: 22pt;\">Keegi pole vahepeal mu kambris k\u00e4inud,<\/span><\/p>\n<p class=\"mailClass_MsoNormal\"><span style=\"font-family: 'Monotype Corsiva'; font-size: 22pt;\">Saladuste l\u00f5hna tunnen t\u00fchjas toas.<\/span><\/p>\n<p class=\"mailClass_MsoNormal\"><span style=\"font-family: 'Monotype Corsiva'; font-size: 22pt;\">Keegi pole vahepeal mu m\u00f5tteid n\u00e4inud<\/span><\/p>\n<p class=\"mailClass_MsoNormal\"><span style=\"font-family: 'Monotype Corsiva'; font-size: 22pt;\">Ega k\u00f5ndinud mu unen\u00e4os.<\/span><\/p>\n<p class=\"mailClass_MsoNormal\" align=\"center\"><span style=\"font-family: 'Monotype Corsiva'; font-size: 16pt;\">(<\/span><span style=\"font-family: 'Monotype Corsiva'; font-size: 12pt;\">Riina Pajusaar<\/span><span style=\"font-family: 'Monotype Corsiva'; font-size: 12pt;\">)<\/span><\/p>\n<p class=\"mailClass_MsoNormal\" align=\"center\"><span style=\"line-height: 107%; font-family: 'Monotype Corsiva'; font-size: 16pt;\">\u0423\u0442\u0440\u043e\u043c, \u043a\u0430\u043a \u0442\u043e\u043b\u044c\u043a\u043e \u043f\u0440\u043e\u0441\u044b\u043f\u0430\u044e\u0441\u044c \u0438 \u043f\u0440\u043e\u0442\u0438\u0440\u0430\u044e \u043e\u0442\u043e \u0441\u043d\u0430 \u0433\u043b\u0430\u0437\u0430,<\/span><\/p>\n<p class=\"mailClass_MsoNormal\" align=\"center\"><span style=\"line-height: 107%; font-family: 'Monotype Corsiva'; font-size: 16pt;\">\u041f\u0440\u044f\u0447\u0443 \u043f\u043e\u0434 \u043f\u043e\u0434\u0443\u0448\u043a\u0443 \u0441\u043d\u044b \u044f,<\/span><\/p>\n<p class=\"mailClass_MsoNormal\" align=\"center\"><span style=\"line-height: 107%; font-family: 'Monotype Corsiva'; font-size: 16pt;\">\u0421 \u0432\u043e\u0441\u0445\u043e\u0434\u043e\u043c \u0441\u043e\u043b\u043d\u0446\u0430 \u0440\u043e\u0434\u0438\u0432\u0448\u0438\u0435\u0441\u044f \u043c\u0435\u043b\u043e\u0434\u0438\u0438<\/span><\/p>\n<p class=\"mailClass_MsoNormal\" align=\"center\"><span style=\"line-height: 107%; font-family: 'Monotype Corsiva'; font-size: 16pt;\">\u0421\u0430\u0436\u0430\u044e \u0432 \u0446\u0432\u0435\u0442\u043e\u0447\u043d\u044b\u0435 \u0433\u043e\u0440\u0448\u043a\u0438 \u2013 \u043f\u0443\u0441\u0442\u044c \u043e\u043d\u0438 \u0440\u0430\u0441\u0442\u0443\u0442\u2026<\/span><\/p>\n<p class=\"mailClass_MsoNormal\" align=\"center\"><span style=\"line-height: 107%; font-family: 'Monotype Corsiva'; font-size: 16pt;\">\u0421 \u043b\u044e\u0431\u043e\u0432\u044c\u044e \u043f\u043e\u043b\u0438\u0432\u0430\u044e \u043b\u044e\u0431\u0438\u043c\u044b\u0435 \u0432\u043e\u0441\u043f\u043e\u043c\u0438\u043d\u0430\u043d\u0438\u044f,<\/span><\/p>\n<p class=\"mailClass_MsoNormal\" align=\"center\"><span style=\"line-height: 107%; font-family: 'Monotype Corsiva'; font-size: 16pt;\">\u0413\u0440\u0443\u0441\u0442\u043d\u044b\u0435 \u0432\u043e\u0441\u043f\u043e\u043c\u0438\u043d\u0430\u043d\u0438\u044f \u043a\u043b\u0430\u0434\u0443 \u043d\u0430 \u043a\u043e\u043b\u0435\u043d\u0438 \u0438 \u0433\u043b\u0430\u0436\u0443 \u0438\u0445,<\/span><\/p>\n<p class=\"mailClass_MsoNormal\" align=\"center\"><span style=\"line-height: 107%; font-family: 'Monotype Corsiva'; font-size: 16pt;\">\u041c\u044b\u0441\u043b\u0435\u043d\u043d\u043e \u0448\u043b\u044e \u0438\u043c \u043f\u043e\u0446\u0435\u043b\u0443\u0438, \u0441\u043a\u043b\u0430\u0434\u044b\u0432\u0430\u044e \u0441\u0442\u0438\u0445\u043e\u0442\u0432\u043e\u0440\u043d\u044b\u0435 \u0441\u0442\u0440\u043e\u0447\u043a\u0438.<\/span><\/p>\n<p class=\"mailClass_MsoNormal\" align=\"center\"><span style=\"line-height: 107%; font-family: 'Monotype Corsiva'; font-size: 16pt;\">\u0414\u043e\u043c\u0430 \u044f \u043e\u0434\u043d\u0430 \u0438 \u0432 \u0442\u043e \u0436\u0435 \u0432\u0440\u0435\u043c\u044f \u043d\u0435 \u043e\u0434\u0438\u043d\u043e\u043a\u0430:<\/span><\/p>\n<p class=\"mailClass_MsoNormal\" align=\"center\"><b><span style=\"line-height: 107%; font-family: 'Monotype Corsiva'; font-size: 16pt;\">\u041c\u0435\u0447\u0442\u044b \u0436\u0438\u0432\u0443\u0442 \u0432\u043c\u0435\u0441\u0442\u0435 \u0441\u043e \u043c\u043d\u043e\u0439\u2026<\/span><\/b><\/p>\n<p class=\"mailClass_MsoNormal\" align=\"center\"><span style=\"line-height: 107%; font-family: 'Monotype Corsiva'; font-size: 16pt;\">\u0417\u0434\u0435\u0441\u044c \u043c\u043e\u0438 \u043f\u0435\u0441\u043d\u0438 \u0438 \u043d\u0435\u0436\u043d\u044b\u0435, \u0434\u043e\u0431\u0440\u044b\u0435 \u0432\u043e\u0441\u043f\u043e\u043c\u0438\u043d\u0430\u043d\u0438\u044f.<\/span><\/p>\n<p class=\"mailClass_MsoNormal\" align=\"center\"><span style=\"line-height: 107%; font-family: 'Monotype Corsiva'; font-size: 16pt;\">\u041f\u043e\u0434\u043d\u0438\u043c\u0430\u044e\u0441\u044c \u043f\u043e \u0441\u0442\u0443\u043f\u0435\u043d\u044c\u043a\u0430\u043c, \u043d\u0435\u043d\u0430\u0434\u043e\u043b\u0433\u043e \u043e\u0441\u0442\u0430\u043d\u0430\u0432\u043b\u0438\u0432\u0430\u044e\u0441\u044c.<\/span><\/p>\n<p class=\"mailClass_MsoNormal\" align=\"center\"><span style=\"line-height: 107%; font-family: 'Monotype Corsiva'; font-size: 16pt;\">\u0414\u0432\u0435\u0440\u044c, \u0437\u0430\u043a\u0440\u044b\u0432\u0430\u044f\u0441\u044c, \u0442\u0438\u0445\u043e\u043d\u044c\u043a\u043e \u0441\u0442\u0443\u043a\u043d\u0435\u0442\u2026<\/span><\/p>\n<p class=\"mailClass_MsoNormal\" align=\"center\"><span style=\"line-height: 107%; font-family: 'Monotype Corsiva'; font-size: 16pt;\">\u041d\u0438\u043a\u0442\u043e \u043d\u0435 \u0431\u0440\u043e\u0434\u0438\u0442 \u043f\u043e \u043c\u043e\u0438\u043c \u043a\u043e\u043c\u043d\u0430\u0442\u0430\u043c \u0438 \u043d\u0438\u043a\u0442\u043e \u043d\u0435 \u0437\u0430\u0433\u043b\u044f\u0434\u044b\u0432\u0430\u0435\u0442 \u0432 \u043c\u043e\u0438 \u0441\u043d\u044b,<\/span><\/p>\n<p class=\"mailClass_MsoNormal\" align=\"center\"><span style=\"line-height: 107%; font-family: 'Monotype Corsiva'; font-size: 16pt;\">\u041d\u0435 \u0437\u043d\u0430\u0435\u0442 \u043e \u0447\u0435\u043c \u044f \u043c\u0435\u0447\u0442\u0430\u044e, \u043d\u043e\u2026\u00a0\u00a0\u00a0\u00a0\u00a0\u00a0\u00a0\u00a0\u00a0\u00a0\u00a0\u00a0\u00a0\u00a0\u00a0\u00a0\u00a0\u00a0\u00a0\u00a0\u00a0\u00a0\u00a0\u00a0\u00a0\u00a0\u00a0\u00a0\u00a0\u00a0\u00a0\u00a0\u00a0\u00a0\u00a0\u00a0\u00a0\u00a0\u00a0\u00a0\u00a0\u00a0\u00a0\u00a0\u00a0\u00a0\u00a0\u00a0 (<\/span><span style=\"line-height: 107%; font-family: 'Monotype Corsiva'; font-size: 12pt;\">Riina Pajusaar<\/span><span style=\"line-height: 107%; font-family: 'Monotype Corsiva'; font-size: 12pt;\">)<\/span><\/p>\n<p><\/p>","protected":false},"excerpt":{"rendered":"<p>\u041e\u0442\u043a\u0440\u044b\u0442\u0438\u0435 \u0432\u044b\u0441\u0442\u0430\u0432\u043a\u0438\u00a028.11.2020 \u0433.\u00a0\u0432 16.00 \u043f\u043e \u0430\u0434\u0440\u0435\u0441\u0443 \u0412\u0430\u0431\u0430\u0434\u0443\u0441\u0435, 20 (2 \u044d\u0442\u0430\u0436). \u0412\u0445\u043e\u0434 \u0441\u0432\u043e\u0431\u043e\u0434\u043d\u044b\u0439. \u0412\u042b\u0421\u0422\u0410\u0412\u041a\u0423 \u041c\u041e\u0416\u041d\u041e \u041f\u041e\u0421\u0415\u0422\u0418\u0422\u042c\u00a0\u0441 28.11.2020\u00a0\u043f\u043e 16.01.2021 \u0433. \u043f\u043e\u00a0\u0440\u0430\u0431\u043e\u0447\u0438\u043c \u0434\u043d\u044f\u043c\u00a0c 10 \u0434\u043e 13. \u0412\u0445\u043e\u0434 \u0441\u0432\u043e\u0431\u043e\u0434\u043d\u044b\u0439. Tatjana Sonina\u00a0n\u00e4itus\u00a0 Unistused elavad koos minuga&#8230;\u00a0 \u0412\u044b\u0441\u0442\u0430\u0432\u043a\u0430 \u0436\u0438\u0432\u043e\u043f\u0438\u0441\u0438 \u0422\u0430\u0442\u044c\u044f\u043d\u044b \u0421\u043e\u043d\u0438\u043d\u043e\u0439 \u041c\u0435\u0447\u0442\u044b \u0436\u0438\u0432\u0443\u0442 \u0432\u043c\u0435\u0441\u0442\u0435 \u0441\u043e \u043c\u043d\u043e\u0439 Hommikul, kui uneliiva silmist pesen, Unen\u00e4od ma peidan patja puhkama. P\u00e4ikset\u00f5usul p\u00e4he tulnud laulukese Torkan lillepotti kasvama. Kiirustades kastan armsaid m\u00e4lestusi, Valusatel m\u00e4lestustel paitan pead. Tolmu p\u00fchin m\u00f5ttetelt, neil annan musi, Sahtlis korda s\u00e4tin v\u00e4rsiread. \u00a0 Kodus olen \u00fcksi ma ja ei ole ka: Unistused elavad koos minuga&#8230; Siin on mu laulud ja\u00a0 sin on mu m\u00e4lestused hellad ja head. \u00a0 Koju j\u00f5udes seisatan ma majatrepil,\u00a0 L\u00f5puks siiski veidikene paotan ust. Hellalt v\u00f5tan s\u00fclle v\u00e4ikse viisijupi, Kuskilt kuulen vaikset teretus. Keegi pole vahepeal mu kambris k\u00e4inud, Saladuste l\u00f5hna tunnen t\u00fchjas toas. Keegi pole vahepeal mu m\u00f5tteid n\u00e4inud Ega k\u00f5ndinud mu unen\u00e4os. (Riina Pajusaar) \u0423\u0442\u0440\u043e\u043c, \u043a\u0430\u043a \u0442\u043e\u043b\u044c\u043a\u043e \u043f\u0440\u043e\u0441\u044b\u043f\u0430\u044e\u0441\u044c \u0438 \u043f\u0440\u043e\u0442\u0438\u0440\u0430\u044e \u043e\u0442\u043e&#8230;<\/p>\n","protected":false},"author":1,"featured_media":4511,"parent":3532,"menu_order":0,"comment_status":"closed","ping_status":"closed","template":"","meta":{"footnotes":""},"class_list":["post-4516","page","type-page","status-publish","has-post-thumbnail","hentry"],"_links":{"self":[{"href":"https:\/\/vlkm.ee\/ru\/wp-json\/wp\/v2\/pages\/4516"}],"collection":[{"href":"https:\/\/vlkm.ee\/ru\/wp-json\/wp\/v2\/pages"}],"about":[{"href":"https:\/\/vlkm.ee\/ru\/wp-json\/wp\/v2\/types\/page"}],"author":[{"embeddable":true,"href":"https:\/\/vlkm.ee\/ru\/wp-json\/wp\/v2\/users\/1"}],"replies":[{"embeddable":true,"href":"https:\/\/vlkm.ee\/ru\/wp-json\/wp\/v2\/comments?post=4516"}],"version-history":[{"count":1,"href":"https:\/\/vlkm.ee\/ru\/wp-json\/wp\/v2\/pages\/4516\/revisions"}],"predecessor-version":[{"id":4517,"href":"https:\/\/vlkm.ee\/ru\/wp-json\/wp\/v2\/pages\/4516\/revisions\/4517"}],"up":[{"embeddable":true,"href":"https:\/\/vlkm.ee\/ru\/wp-json\/wp\/v2\/pages\/3532"}],"wp:featuredmedia":[{"embeddable":true,"href":"https:\/\/vlkm.ee\/ru\/wp-json\/wp\/v2\/media\/4511"}],"wp:attachment":[{"href":"https:\/\/vlkm.ee\/ru\/wp-json\/wp\/v2\/media?parent=4516"}],"curies":[{"name":"wp","href":"https:\/\/api.w.org\/{rel}","templated":true}]}}